{"id":111,"date":"2025-01-11T11:56:58","date_gmt":"2025-01-11T11:56:58","guid":{"rendered":"https:\/\/michalzadlo.com\/?page_id=111"},"modified":"2025-10-07T17:51:20","modified_gmt":"2025-10-07T17:51:20","slug":"kontakt","status":"publish","type":"page","link":"https:\/\/michalzadlo.com\/en\/kontakt\/","title":{"rendered":"Kontakt"},"content":{"rendered":"<p>mzadlo24@gmail.com<\/p>\n<p>Feel free to get in touch.<\/p>","protected":false},"excerpt":{"rendered":"<p>mzadlo24@gmail.com Feel free to get in touch.<\/p>\n","protected":false},"author":1,"featured_media":0,"parent":0,"menu_order":0,"comment_status":"closed","ping_status":"closed","template":"wp-custom-template-kontakt","meta":{"_acf_changed":false,"footnotes":""},"class_list":["post-111","page","type-page","status-publish","hentry"],"acf":[],"yoast_head":"<!-- This site is optimized with the Yoast SEO plugin v27.4 - https:\/\/yoast.com\/product\/yoast-seo-wordpress\/ -->\n<title>Kontakt - Micha\u0142 \u017b\u0105d\u0142o<\/title>\n<meta name=\"robots\" content=\"index, follow, max-snippet:-1, max-image-preview:large, max-video-preview:-1\" \/>\n<link rel=\"canonical\" href=\"https:\/\/michalzadlo.com\/en\/kontakt\/\" \/>\n<meta property=\"og:locale\" content=\"en_US\" \/>\n<meta property=\"og:type\" content=\"article\" \/>\n<meta property=\"og:title\" content=\"Kontakt - Micha\u0142 \u017b\u0105d\u0142o\" \/>\n<meta property=\"og:description\" content=\"mzadlo24@gmail.com Feel free to get in touch.\" \/>\n<meta property=\"og:url\" content=\"https:\/\/michalzadlo.com\/en\/kontakt\/\" \/>\n<meta property=\"og:site_name\" content=\"Micha\u0142 \u017b\u0105d\u0142o\" \/>\n<meta property=\"article:modified_time\" content=\"2025-10-07T17:51:20+00:00\" \/>\n<meta name=\"twitter:card\" content=\"summary_large_image\" \/>\n<meta name=\"twitter:label1\" content=\"Est. reading time\" \/>\n\t<meta name=\"twitter:data1\" content=\"1 minute\" \/>\n<script type=\"application\/ld+json\" class=\"yoast-schema-graph\">{\"@context\":\"https:\\\/\\\/schema.org\",\"@graph\":[{\"@type\":\"WebPage\",\"@id\":\"https:\\\/\\\/michalzadlo.com\\\/en\\\/kontakt\\\/\",\"url\":\"https:\\\/\\\/michalzadlo.com\\\/en\\\/kontakt\\\/\",\"name\":\"Kontakt - Micha\u0142 \u017b\u0105d\u0142o\",\"isPartOf\":{\"@id\":\"https:\\\/\\\/michalzadlo.com\\\/en\\\/#website\"},\"datePublished\":\"2025-01-11T11:56:58+00:00\",\"dateModified\":\"2025-10-07T17:51:20+00:00\",\"breadcrumb\":{\"@id\":\"https:\\\/\\\/michalzadlo.com\\\/en\\\/kontakt\\\/#breadcrumb\"},\"inLanguage\":\"en-US\",\"potentialAction\":[{\"@type\":\"ReadAction\",\"target\":[[\"https:\\\/\\\/michalzadlo.com\\\/en\\\/kontakt\\\/\"]]}]},{\"@type\":\"BreadcrumbList\",\"@id\":\"https:\\\/\\\/michalzadlo.com\\\/en\\\/kontakt\\\/#breadcrumb\",\"itemListElement\":[{\"@type\":\"ListItem\",\"position\":1,\"name\":\"Strona g\u0142\u00f3wna\",\"item\":\"https:\\\/\\\/michalzadlo.com\\\/en\\\/\"},{\"@type\":\"ListItem\",\"position\":2,\"name\":\"Kontakt\"}]},{\"@type\":\"WebSite\",\"@id\":\"https:\\\/\\\/michalzadlo.com\\\/en\\\/#website\",\"url\":\"https:\\\/\\\/michalzadlo.com\\\/en\\\/\",\"name\":\"Micha\u0142 \u017b\u0105d\u0142o\",\"description\":\"[:pl]Micha\u0142 \u017b\u0105d\u0142o \u2013 Portfolio[:en]Portfolio \u2013 Micha\u0142 \u017b\u0105d\u0142o[:]\",\"publisher\":{\"@id\":\"https:\\\/\\\/michalzadlo.com\\\/en\\\/#\\\/schema\\\/person\\\/d1f4846fe517fea4d899eb661bcd5208\"},\"potentialAction\":[{\"@type\":\"SearchAction\",\"target\":{\"@type\":\"EntryPoint\",\"urlTemplate\":\"https:\\\/\\\/michalzadlo.com\\\/en\\\/?s={search_term_string}\"},\"query-input\":{\"@type\":\"PropertyValueSpecification\",\"valueRequired\":true,\"valueName\":\"search_term_string\"}}],\"inLanguage\":\"en-US\"},{\"@type\":[\"Person\",\"Organization\"],\"@id\":\"https:\\\/\\\/michalzadlo.com\\\/en\\\/#\\\/schema\\\/person\\\/d1f4846fe517fea4d899eb661bcd5208\",\"name\":\"Micha\u0142 \u017b\u0105d\u0142o\",\"image\":{\"@type\":\"ImageObject\",\"inLanguage\":\"en-US\",\"@id\":\"https:\\\/\\\/michalzadlo.com\\\/wp-content\\\/uploads\\\/2025\\\/04\\\/cropped-22.Paschalis-olej-na-plotnie-60-x-50-cm-2024-scaled-1.jpg\",\"url\":\"https:\\\/\\\/michalzadlo.com\\\/wp-content\\\/uploads\\\/2025\\\/04\\\/cropped-22.Paschalis-olej-na-plotnie-60-x-50-cm-2024-scaled-1.jpg\",\"contentUrl\":\"https:\\\/\\\/michalzadlo.com\\\/wp-content\\\/uploads\\\/2025\\\/04\\\/cropped-22.Paschalis-olej-na-plotnie-60-x-50-cm-2024-scaled-1.jpg\",\"width\":512,\"height\":512,\"caption\":\"Micha\u0142 \u017b\u0105d\u0142o\"},\"logo\":{\"@id\":\"https:\\\/\\\/michalzadlo.com\\\/wp-content\\\/uploads\\\/2025\\\/04\\\/cropped-22.Paschalis-olej-na-plotnie-60-x-50-cm-2024-scaled-1.jpg\"},\"sameAs\":[\"http:\\\/\\\/michalzadlo.com\",\"https:\\\/\\\/www.instagram.com\\\/mzadlo24\"]}]}<\/script>\n<!-- \/ Yoast SEO plugin. -->","yoast_head_json":{"title":"Kontakt - Micha\u0142 \u017b\u0105d\u0142o","robots":{"index":"index","follow":"follow","max-snippet":"max-snippet:-1","max-image-preview":"max-image-preview:large","max-video-preview":"max-video-preview:-1"},"canonical":"https:\/\/michalzadlo.com\/en\/kontakt\/","og_locale":"en_US","og_type":"article","og_title":"Kontakt - Micha\u0142 \u017b\u0105d\u0142o","og_description":"mzadlo24@gmail.com Feel free to get in touch.","og_url":"https:\/\/michalzadlo.com\/en\/kontakt\/","og_site_name":"Micha\u0142 \u017b\u0105d\u0142o","article_modified_time":"2025-10-07T17:51:20+00:00","twitter_card":"summary_large_image","twitter_misc":{"Est. reading time":"1 minute"},"schema":{"@context":"https:\/\/schema.org","@graph":[{"@type":"WebPage","@id":"https:\/\/michalzadlo.com\/en\/kontakt\/","url":"https:\/\/michalzadlo.com\/en\/kontakt\/","name":"Kontakt - Micha\u0142 \u017b\u0105d\u0142o","isPartOf":{"@id":"https:\/\/michalzadlo.com\/en\/#website"},"datePublished":"2025-01-11T11:56:58+00:00","dateModified":"2025-10-07T17:51:20+00:00","breadcrumb":{"@id":"https:\/\/michalzadlo.com\/en\/kontakt\/#breadcrumb"},"inLanguage":"en-US","potentialAction":[{"@type":"ReadAction","target":[["https:\/\/michalzadlo.com\/en\/kontakt\/"]]}]},{"@type":"BreadcrumbList","@id":"https:\/\/michalzadlo.com\/en\/kontakt\/#breadcrumb","itemListElement":[{"@type":"ListItem","position":1,"name":"Strona g\u0142\u00f3wna","item":"https:\/\/michalzadlo.com\/en\/"},{"@type":"ListItem","position":2,"name":"Kontakt"}]},{"@type":"WebSite","@id":"https:\/\/michalzadlo.com\/en\/#website","url":"https:\/\/michalzadlo.com\/en\/","name":"Micha\u0142 \u017b\u0105d\u0142o","description":"[:pl]Micha\u0142 \u017b\u0105d\u0142o \u2013 Portfolio[:en]Portfolio \u2013 Micha\u0142 \u017b\u0105d\u0142o[:]","publisher":{"@id":"https:\/\/michalzadlo.com\/en\/#\/schema\/person\/d1f4846fe517fea4d899eb661bcd5208"},"potentialAction":[{"@type":"SearchAction","target":{"@type":"EntryPoint","urlTemplate":"https:\/\/michalzadlo.com\/en\/?s={search_term_string}"},"query-input":{"@type":"PropertyValueSpecification","valueRequired":true,"valueName":"search_term_string"}}],"inLanguage":"en-US"},{"@type":["Person","Organization"],"@id":"https:\/\/michalzadlo.com\/en\/#\/schema\/person\/d1f4846fe517fea4d899eb661bcd5208","name":"Micha\u0142 \u017b\u0105d\u0142o","image":{"@type":"ImageObject","inLanguage":"en-US","@id":"https:\/\/michalzadlo.com\/wp-content\/uploads\/2025\/04\/cropped-22.Paschalis-olej-na-plotnie-60-x-50-cm-2024-scaled-1.jpg","url":"https:\/\/michalzadlo.com\/wp-content\/uploads\/2025\/04\/cropped-22.Paschalis-olej-na-plotnie-60-x-50-cm-2024-scaled-1.jpg","contentUrl":"https:\/\/michalzadlo.com\/wp-content\/uploads\/2025\/04\/cropped-22.Paschalis-olej-na-plotnie-60-x-50-cm-2024-scaled-1.jpg","width":512,"height":512,"caption":"Micha\u0142 \u017b\u0105d\u0142o"},"logo":{"@id":"https:\/\/michalzadlo.com\/wp-content\/uploads\/2025\/04\/cropped-22.Paschalis-olej-na-plotnie-60-x-50-cm-2024-scaled-1.jpg"},"sameAs":["http:\/\/michalzadlo.com","https:\/\/www.instagram.com\/mzadlo24"]}]}},"_links":{"self":[{"href":"https:\/\/michalzadlo.com\/en\/wp-json\/wp\/v2\/pages\/111","targetHints":{"allow":["GET"]}}],"collection":[{"href":"https:\/\/michalzadlo.com\/en\/wp-json\/wp\/v2\/pages"}],"about":[{"href":"https:\/\/michalzadlo.com\/en\/wp-json\/wp\/v2\/types\/page"}],"author":[{"embeddable":true,"href":"https:\/\/michalzadlo.com\/en\/wp-json\/wp\/v2\/users\/1"}],"replies":[{"embeddable":true,"href":"https:\/\/michalzadlo.com\/en\/wp-json\/wp\/v2\/comments?post=111"}],"version-history":[{"count":10,"href":"https:\/\/michalzadlo.com\/en\/wp-json\/wp\/v2\/pages\/111\/revisions"}],"predecessor-version":[{"id":1317,"href":"https:\/\/michalzadlo.com\/en\/wp-json\/wp\/v2\/pages\/111\/revisions\/1317"}],"wp:attachment":[{"href":"https:\/\/michalzadlo.com\/en\/wp-json\/wp\/v2\/media?parent=111"}],"curies":[{"name":"wp","href":"https:\/\/api.w.org\/{rel}","templated":true}]}}