{"id":28,"date":"2025-01-10T15:30:29","date_gmt":"2025-01-10T15:30:29","guid":{"rendered":"https:\/\/michalzadlo.com\/?page_id=28"},"modified":"2025-10-03T15:15:59","modified_gmt":"2025-10-03T15:15:59","slug":"wystawy","status":"publish","type":"page","link":"https:\/\/michalzadlo.com\/en\/wystawy\/","title":{"rendered":"Wystawy"},"content":{"rendered":"<p><\/p>\n<h4>Solo exhibitions<\/h4>\n<p>&nbsp;<\/p>\n<h5 style=\"text-align: left;\"><strong>2025<\/strong><\/h5>\n<p class=\"p1\"><i>Laurki<\/i>, Otwarta Pracownia Gallery, as part of Cracow Art Week KRAKERS 2025, Krak\u00f3w<\/p>\n<p>&nbsp;<\/p>\n<h5 style=\"text-align: left;\"><strong>2022<\/strong><\/h5>\n<p class=\"p1\"><i>On Paintings and Painting<\/i>, Academy of Fine Arts in Krak\u00f3w, Krak\u00f3w<\/p>\n<p>&nbsp;<\/p>\n<p>&nbsp;<\/p>\n<h4>Group exhibitions<\/h4>\n<p>&nbsp;<\/p>\n<h5 style=\"text-align: left;\"><strong>2024<\/strong><\/h5>\n<p class=\"p1\"><i>Zgasi\u0107 \u015bwiat\u0142o\u015b\u0107 wiekuist\u0105. Przeobra\u017cenia wizji duchowo\u015bci<\/i>, Wallspace Gallery, Warsaw<\/p>\n<p>&nbsp;<\/p>\n<h5 style=\"text-align: left;\"><strong>2023<\/strong><\/h5>\n<p class=\"p1\"><i>Zwiastowanie. Namalowa\u0107 katolicyzm od nowa<\/i>, Warsaw (2023\u201324), Rome (2024), Cz\u0119stochowa (2024), Bia\u0142ystok (2024), Opole (2024\u20132025)<\/p>\n<p class=\"p1\"><i>Eibisch Prize 2023 Finalists\u2019 Exhibition<\/i>, Franciszka Eibisch Foundation, Warsaw<\/p>\n<p class=\"p1\"><i>Gdzie s\u0105 te obrazy, kt\u00f3rych jeszcze nie namalowano?<\/i>, Otwarta Pracownia, Krak\u00f3w<\/p>\n<p class=\"p1\"><i>Lubelska Wiosna <\/i>\u2014 National Painting Biennale Finalists\u2019 Exhibition, Centre for the Meeting of Cultures (CSK), Lublin<\/p>\n<p>&nbsp;<\/p>\n<h5 style=\"text-align: left;\"><strong>2022<\/strong><\/h5>\n<p class=\"p1\">5th <i>Leon Wycz\u00f3\u0142kowski National Painting Competition <\/i>Finalists\u2019 Exhibition, BWA, Bydgoszcz<\/p>\n<p class=\"p1\">11th <i>Nowy obraz \/ Nowe Spojrzenie <\/i>Competition Finalists\u2019 Exhibition, University of the Arts, Pozna\u0144 <i>2&#215;7<\/i>,<\/p>\n<p class=\"p1\">Centre for Contemporary Art Solvay, Krak\u00f3w<\/p>\n<p class=\"p1\"><i>Rysunek wieczorny<\/i>, BWA Sok\u00f3\u0142 Gallery, Nowy S\u0105cz<\/p>\n<p>&nbsp;<\/p>\n<h5 style=\"text-align: left;\"><strong>2021<\/strong><\/h5>\n<p class=\"p1\"><i>Eibisch Prize 2021 Finalists\u2019 Exhibition<\/i>, Franciszka Eibisch Foundation, Warsaw<\/p>\n<p class=\"p1\"><i>My\u015bl\u0105. Mow\u0105. Obrazem.<\/i>, Pryzmat Gallery, Krak\u00f3w<\/p>\n<p>&nbsp;<\/p>\n<h5 style=\"text-align: left;\"><strong>2020<\/strong><\/h5>\n<p class=\"p1\"><i>maszyna do waty cukrowej<\/i>, Tytano Foundation, Krak\u00f3w<\/p>\n<p>&nbsp;<\/p>\n<h5 style=\"text-align: left;\"><strong>2019<\/strong><\/h5>\n<p class=\"p1\"><i>Czarno na bia\u0142ym, <\/i>Competition Finalists\u2019 Exhibition, National Museum in Krak\u00f3w, Krak\u00f3w<\/p>\n<p>&nbsp;<\/p>\n<h5 style=\"text-align: left;\"><strong>2018<\/strong><\/h5>\n<p class=\"p1\"><i>Dotyk Wolno\u015bci<\/i>, Palace of Art, Society of Friends of Fine Arts, Krak\u00f3w<\/p>\n<p class=\"p1\"><i>Pejza\u017ce Pami\u0119ci &#8211; Tradycja<\/i>, Pryzmat Gallery, Krak\u00f3w<\/p>\n<p><\/p>","protected":false},"excerpt":{"rendered":"<p>Solo exhibitions &nbsp; 2025 Laurki, Otwarta Pracownia Gallery, as part of Cracow Art Week KRAKERS 2025, Krak\u00f3w &nbsp; 2022 On Paintings and Painting, Academy of Fine Arts in Krak\u00f3w, Krak\u00f3w &nbsp; &nbsp; Group exhibitions &nbsp; 2024 Zgasi\u0107 \u015bwiat\u0142o\u015b\u0107 wiekuist\u0105. Przeobra\u017cenia wizji duchowo\u015bci, Wallspace Gallery, Warsaw &nbsp; 2023 Zwiastowanie. Namalowa\u0107 katolicyzm od nowa, Warsaw (2023\u201324), Rome [&hellip;]<\/p>\n","protected":false},"author":1,"featured_media":0,"parent":0,"menu_order":0,"comment_status":"closed","ping_status":"closed","template":"wp-custom-template-podstrona-z-wystawami","meta":{"_acf_changed":false,"footnotes":""},"class_list":["post-28","page","type-page","status-publish","hentry"],"acf":[],"yoast_head":"<!-- This site is optimized with the Yoast SEO plugin v27.4 - https:\/\/yoast.com\/product\/yoast-seo-wordpress\/ -->\n<title>Wystawy - Micha\u0142 \u017b\u0105d\u0142o<\/title>\n<meta name=\"robots\" content=\"index, follow, max-snippet:-1, max-image-preview:large, max-video-preview:-1\" \/>\n<link rel=\"canonical\" href=\"https:\/\/michalzadlo.com\/en\/wystawy\/\" \/>\n<meta property=\"og:locale\" content=\"en_US\" \/>\n<meta property=\"og:type\" content=\"article\" \/>\n<meta property=\"og:title\" content=\"Wystawy - Micha\u0142 \u017b\u0105d\u0142o\" \/>\n<meta property=\"og:description\" content=\"Solo exhibitions &nbsp; 2025 Laurki, Otwarta Pracownia Gallery, as part of Cracow Art Week KRAKERS 2025, Krak\u00f3w &nbsp; 2022 On Paintings and Painting, Academy of Fine Arts in Krak\u00f3w, Krak\u00f3w &nbsp; &nbsp; Group exhibitions &nbsp; 2024 Zgasi\u0107 \u015bwiat\u0142o\u015b\u0107 wiekuist\u0105. Przeobra\u017cenia wizji duchowo\u015bci, Wallspace Gallery, Warsaw &nbsp; 2023 Zwiastowanie. Namalowa\u0107 katolicyzm od nowa, Warsaw (2023\u201324), Rome [&hellip;]\" \/>\n<meta property=\"og:url\" content=\"https:\/\/michalzadlo.com\/en\/wystawy\/\" \/>\n<meta property=\"og:site_name\" content=\"Micha\u0142 \u017b\u0105d\u0142o\" \/>\n<meta property=\"article:modified_time\" content=\"2025-10-03T15:15:59+00:00\" \/>\n<meta name=\"twitter:card\" content=\"summary_large_image\" \/>\n<meta name=\"twitter:label1\" content=\"Est. reading time\" \/>\n\t<meta name=\"twitter:data1\" content=\"2 minutes\" \/>\n<script type=\"application\/ld+json\" class=\"yoast-schema-graph\">{\"@context\":\"https:\\\/\\\/schema.org\",\"@graph\":[{\"@type\":\"WebPage\",\"@id\":\"https:\\\/\\\/michalzadlo.com\\\/en\\\/wystawy\\\/\",\"url\":\"https:\\\/\\\/michalzadlo.com\\\/en\\\/wystawy\\\/\",\"name\":\"Wystawy - Micha\u0142 \u017b\u0105d\u0142o\",\"isPartOf\":{\"@id\":\"https:\\\/\\\/michalzadlo.com\\\/en\\\/#website\"},\"datePublished\":\"2025-01-10T15:30:29+00:00\",\"dateModified\":\"2025-10-03T15:15:59+00:00\",\"breadcrumb\":{\"@id\":\"https:\\\/\\\/michalzadlo.com\\\/en\\\/wystawy\\\/#breadcrumb\"},\"inLanguage\":\"en-US\",\"potentialAction\":[{\"@type\":\"ReadAction\",\"target\":[[\"https:\\\/\\\/michalzadlo.com\\\/en\\\/wystawy\\\/\"]]}]},{\"@type\":\"BreadcrumbList\",\"@id\":\"https:\\\/\\\/michalzadlo.com\\\/en\\\/wystawy\\\/#breadcrumb\",\"itemListElement\":[{\"@type\":\"ListItem\",\"position\":1,\"name\":\"Strona g\u0142\u00f3wna\",\"item\":\"https:\\\/\\\/michalzadlo.com\\\/en\\\/\"},{\"@type\":\"ListItem\",\"position\":2,\"name\":\"Wystawy\"}]},{\"@type\":\"WebSite\",\"@id\":\"https:\\\/\\\/michalzadlo.com\\\/en\\\/#website\",\"url\":\"https:\\\/\\\/michalzadlo.com\\\/en\\\/\",\"name\":\"Micha\u0142 \u017b\u0105d\u0142o\",\"description\":\"[:pl]Micha\u0142 \u017b\u0105d\u0142o \u2013 Portfolio[:en]Portfolio \u2013 Micha\u0142 \u017b\u0105d\u0142o[:]\",\"publisher\":{\"@id\":\"https:\\\/\\\/michalzadlo.com\\\/en\\\/#\\\/schema\\\/person\\\/d1f4846fe517fea4d899eb661bcd5208\"},\"potentialAction\":[{\"@type\":\"SearchAction\",\"target\":{\"@type\":\"EntryPoint\",\"urlTemplate\":\"https:\\\/\\\/michalzadlo.com\\\/en\\\/?s={search_term_string}\"},\"query-input\":{\"@type\":\"PropertyValueSpecification\",\"valueRequired\":true,\"valueName\":\"search_term_string\"}}],\"inLanguage\":\"en-US\"},{\"@type\":[\"Person\",\"Organization\"],\"@id\":\"https:\\\/\\\/michalzadlo.com\\\/en\\\/#\\\/schema\\\/person\\\/d1f4846fe517fea4d899eb661bcd5208\",\"name\":\"Micha\u0142 \u017b\u0105d\u0142o\",\"image\":{\"@type\":\"ImageObject\",\"inLanguage\":\"en-US\",\"@id\":\"https:\\\/\\\/michalzadlo.com\\\/wp-content\\\/uploads\\\/2025\\\/04\\\/cropped-22.Paschalis-olej-na-plotnie-60-x-50-cm-2024-scaled-1.jpg\",\"url\":\"https:\\\/\\\/michalzadlo.com\\\/wp-content\\\/uploads\\\/2025\\\/04\\\/cropped-22.Paschalis-olej-na-plotnie-60-x-50-cm-2024-scaled-1.jpg\",\"contentUrl\":\"https:\\\/\\\/michalzadlo.com\\\/wp-content\\\/uploads\\\/2025\\\/04\\\/cropped-22.Paschalis-olej-na-plotnie-60-x-50-cm-2024-scaled-1.jpg\",\"width\":512,\"height\":512,\"caption\":\"Micha\u0142 \u017b\u0105d\u0142o\"},\"logo\":{\"@id\":\"https:\\\/\\\/michalzadlo.com\\\/wp-content\\\/uploads\\\/2025\\\/04\\\/cropped-22.Paschalis-olej-na-plotnie-60-x-50-cm-2024-scaled-1.jpg\"},\"sameAs\":[\"http:\\\/\\\/michalzadlo.com\",\"https:\\\/\\\/www.instagram.com\\\/mzadlo24\"]}]}<\/script>\n<!-- \/ Yoast SEO plugin. -->","yoast_head_json":{"title":"Wystawy - Micha\u0142 \u017b\u0105d\u0142o","robots":{"index":"index","follow":"follow","max-snippet":"max-snippet:-1","max-image-preview":"max-image-preview:large","max-video-preview":"max-video-preview:-1"},"canonical":"https:\/\/michalzadlo.com\/en\/wystawy\/","og_locale":"en_US","og_type":"article","og_title":"Wystawy - Micha\u0142 \u017b\u0105d\u0142o","og_description":"Solo exhibitions &nbsp; 2025 Laurki, Otwarta Pracownia Gallery, as part of Cracow Art Week KRAKERS 2025, Krak\u00f3w &nbsp; 2022 On Paintings and Painting, Academy of Fine Arts in Krak\u00f3w, Krak\u00f3w &nbsp; &nbsp; Group exhibitions &nbsp; 2024 Zgasi\u0107 \u015bwiat\u0142o\u015b\u0107 wiekuist\u0105. Przeobra\u017cenia wizji duchowo\u015bci, Wallspace Gallery, Warsaw &nbsp; 2023 Zwiastowanie. Namalowa\u0107 katolicyzm od nowa, Warsaw (2023\u201324), Rome [&hellip;]","og_url":"https:\/\/michalzadlo.com\/en\/wystawy\/","og_site_name":"Micha\u0142 \u017b\u0105d\u0142o","article_modified_time":"2025-10-03T15:15:59+00:00","twitter_card":"summary_large_image","twitter_misc":{"Est. reading time":"2 minutes"},"schema":{"@context":"https:\/\/schema.org","@graph":[{"@type":"WebPage","@id":"https:\/\/michalzadlo.com\/en\/wystawy\/","url":"https:\/\/michalzadlo.com\/en\/wystawy\/","name":"Wystawy - Micha\u0142 \u017b\u0105d\u0142o","isPartOf":{"@id":"https:\/\/michalzadlo.com\/en\/#website"},"datePublished":"2025-01-10T15:30:29+00:00","dateModified":"2025-10-03T15:15:59+00:00","breadcrumb":{"@id":"https:\/\/michalzadlo.com\/en\/wystawy\/#breadcrumb"},"inLanguage":"en-US","potentialAction":[{"@type":"ReadAction","target":[["https:\/\/michalzadlo.com\/en\/wystawy\/"]]}]},{"@type":"BreadcrumbList","@id":"https:\/\/michalzadlo.com\/en\/wystawy\/#breadcrumb","itemListElement":[{"@type":"ListItem","position":1,"name":"Strona g\u0142\u00f3wna","item":"https:\/\/michalzadlo.com\/en\/"},{"@type":"ListItem","position":2,"name":"Wystawy"}]},{"@type":"WebSite","@id":"https:\/\/michalzadlo.com\/en\/#website","url":"https:\/\/michalzadlo.com\/en\/","name":"Micha\u0142 \u017b\u0105d\u0142o","description":"[:pl]Micha\u0142 \u017b\u0105d\u0142o \u2013 Portfolio[:en]Portfolio \u2013 Micha\u0142 \u017b\u0105d\u0142o[:]","publisher":{"@id":"https:\/\/michalzadlo.com\/en\/#\/schema\/person\/d1f4846fe517fea4d899eb661bcd5208"},"potentialAction":[{"@type":"SearchAction","target":{"@type":"EntryPoint","urlTemplate":"https:\/\/michalzadlo.com\/en\/?s={search_term_string}"},"query-input":{"@type":"PropertyValueSpecification","valueRequired":true,"valueName":"search_term_string"}}],"inLanguage":"en-US"},{"@type":["Person","Organization"],"@id":"https:\/\/michalzadlo.com\/en\/#\/schema\/person\/d1f4846fe517fea4d899eb661bcd5208","name":"Micha\u0142 \u017b\u0105d\u0142o","image":{"@type":"ImageObject","inLanguage":"en-US","@id":"https:\/\/michalzadlo.com\/wp-content\/uploads\/2025\/04\/cropped-22.Paschalis-olej-na-plotnie-60-x-50-cm-2024-scaled-1.jpg","url":"https:\/\/michalzadlo.com\/wp-content\/uploads\/2025\/04\/cropped-22.Paschalis-olej-na-plotnie-60-x-50-cm-2024-scaled-1.jpg","contentUrl":"https:\/\/michalzadlo.com\/wp-content\/uploads\/2025\/04\/cropped-22.Paschalis-olej-na-plotnie-60-x-50-cm-2024-scaled-1.jpg","width":512,"height":512,"caption":"Micha\u0142 \u017b\u0105d\u0142o"},"logo":{"@id":"https:\/\/michalzadlo.com\/wp-content\/uploads\/2025\/04\/cropped-22.Paschalis-olej-na-plotnie-60-x-50-cm-2024-scaled-1.jpg"},"sameAs":["http:\/\/michalzadlo.com","https:\/\/www.instagram.com\/mzadlo24"]}]}},"_links":{"self":[{"href":"https:\/\/michalzadlo.com\/en\/wp-json\/wp\/v2\/pages\/28","targetHints":{"allow":["GET"]}}],"collection":[{"href":"https:\/\/michalzadlo.com\/en\/wp-json\/wp\/v2\/pages"}],"about":[{"href":"https:\/\/michalzadlo.com\/en\/wp-json\/wp\/v2\/types\/page"}],"author":[{"embeddable":true,"href":"https:\/\/michalzadlo.com\/en\/wp-json\/wp\/v2\/users\/1"}],"replies":[{"embeddable":true,"href":"https:\/\/michalzadlo.com\/en\/wp-json\/wp\/v2\/comments?post=28"}],"version-history":[{"count":37,"href":"https:\/\/michalzadlo.com\/en\/wp-json\/wp\/v2\/pages\/28\/revisions"}],"predecessor-version":[{"id":1311,"href":"https:\/\/michalzadlo.com\/en\/wp-json\/wp\/v2\/pages\/28\/revisions\/1311"}],"wp:attachment":[{"href":"https:\/\/michalzadlo.com\/en\/wp-json\/wp\/v2\/media?parent=28"}],"curies":[{"name":"wp","href":"https:\/\/api.w.org\/{rel}","templated":true}]}}