{"id":86,"date":"2025-01-10T18:25:18","date_gmt":"2025-01-10T18:25:18","guid":{"rendered":"https:\/\/michalzadlo.com\/?page_id=86"},"modified":"2025-10-03T13:14:22","modified_gmt":"2025-10-03T13:14:22","slug":"bio","status":"publish","type":"page","link":"https:\/\/michalzadlo.com\/en\/bio\/","title":{"rendered":"Bio"},"content":{"rendered":"<div class=\"wp-block-group has-global-padding is-layout-constrained wp-container-core-group-is-layout-92b9201d wp-block-group-is-layout-constrained\">\r\n<p style=\"font-style: italic; font-weight: 500;\">Bio<\/p>\r\n\r\n\r\n\r\n<p class=\"p1\"><em><b>Micha\u0142 \u017b\u0105d\u0142o <\/b><\/em>(b. 1997, Kasinka Ma\u0142a) is a painter based in Krak\u00f3w, Poland. He graduated from the Faculty of Painting at the Academy of Fine Arts in Krak\u00f3w in 2022, where he studied under Professor Janusz Matuszewski.<\/p>\r\n<p class=\"p1\">\u017b\u0105d\u0142o is the recipient of several notable awards, including the European Youth Capital Prize at the 2nd edition of the <i>Lublin Spring <\/i>Painting Biennale (2023) and the Grand Prix of the <i>Eibisch Prize <\/i>(2023). In 2024, he was awarded a scholarship from the Polish Minister of Culture and National Heritage.<\/p>\r\n\r\n\r\n\r\n<p style=\"font-style: italic; font-weight: 500;\">Artistic statement<\/p>\r\n\r\n\r\n\r\n<p class=\"p1\">He creates figurative and imaginative painting, working primarily with traditional techniques. His work includes still lifes, interiors, and figurative compositions such as portraits and genre scenes.<\/p>\r\n<p class=\"p1\">\u017b\u0105d\u0142o draws inspiration from classical art \u2014 especially from the Renaissance and Baroque periods \u2014 as well as from his surroundings and contemporary visual culture, including social media, fashion, and music trends.<\/p>\r\n<p class=\"p1\">In his artistic practice, he explores ways to use the classical visual language to tell distinctly contemporary stories through painting.<\/p>\r\n<\/div>","protected":false},"excerpt":{"rendered":"<p>Bio Micha\u0142 \u017b\u0105d\u0142o (b. 1997, Kasinka Ma\u0142a) is a painter based in Krak\u00f3w, Poland. He graduated from the Faculty of Painting at the Academy of Fine Arts in Krak\u00f3w in 2022, where he studied under Professor Janusz Matuszewski. \u017b\u0105d\u0142o is the recipient of several notable awards, including the European Youth Capital Prize at the 2nd [&hellip;]<\/p>\n","protected":false},"author":1,"featured_media":0,"parent":0,"menu_order":0,"comment_status":"closed","ping_status":"closed","template":"wp-custom-template-bio","meta":{"_acf_changed":false,"footnotes":""},"class_list":["post-86","page","type-page","status-publish","hentry"],"acf":[],"yoast_head":"<!-- This site is optimized with the Yoast SEO plugin v27.4 - https:\/\/yoast.com\/product\/yoast-seo-wordpress\/ -->\n<title>Bio - Micha\u0142 \u017b\u0105d\u0142o<\/title>\n<meta name=\"robots\" content=\"index, follow, max-snippet:-1, max-image-preview:large, max-video-preview:-1\" \/>\n<link rel=\"canonical\" href=\"https:\/\/michalzadlo.com\/en\/bio\/\" \/>\n<meta property=\"og:locale\" content=\"en_US\" \/>\n<meta property=\"og:type\" content=\"article\" \/>\n<meta property=\"og:title\" content=\"Bio - Micha\u0142 \u017b\u0105d\u0142o\" \/>\n<meta property=\"og:description\" content=\"Bio Micha\u0142 \u017b\u0105d\u0142o (b. 1997, Kasinka Ma\u0142a) is a painter based in Krak\u00f3w, Poland. He graduated from the Faculty of Painting at the Academy of Fine Arts in Krak\u00f3w in 2022, where he studied under Professor Janusz Matuszewski. \u017b\u0105d\u0142o is the recipient of several notable awards, including the European Youth Capital Prize at the 2nd [&hellip;]\" \/>\n<meta property=\"og:url\" content=\"https:\/\/michalzadlo.com\/en\/bio\/\" \/>\n<meta property=\"og:site_name\" content=\"Micha\u0142 \u017b\u0105d\u0142o\" \/>\n<meta property=\"article:modified_time\" content=\"2025-10-03T13:14:22+00:00\" \/>\n<meta name=\"twitter:card\" content=\"summary_large_image\" \/>\n<meta name=\"twitter:label1\" content=\"Est. reading time\" \/>\n\t<meta name=\"twitter:data1\" content=\"1 minute\" \/>\n<script type=\"application\/ld+json\" class=\"yoast-schema-graph\">{\"@context\":\"https:\\\/\\\/schema.org\",\"@graph\":[{\"@type\":\"WebPage\",\"@id\":\"https:\\\/\\\/michalzadlo.com\\\/en\\\/bio\\\/\",\"url\":\"https:\\\/\\\/michalzadlo.com\\\/en\\\/bio\\\/\",\"name\":\"Bio - Micha\u0142 \u017b\u0105d\u0142o\",\"isPartOf\":{\"@id\":\"https:\\\/\\\/michalzadlo.com\\\/en\\\/#website\"},\"datePublished\":\"2025-01-10T18:25:18+00:00\",\"dateModified\":\"2025-10-03T13:14:22+00:00\",\"breadcrumb\":{\"@id\":\"https:\\\/\\\/michalzadlo.com\\\/en\\\/bio\\\/#breadcrumb\"},\"inLanguage\":\"en-US\",\"potentialAction\":[{\"@type\":\"ReadAction\",\"target\":[[\"https:\\\/\\\/michalzadlo.com\\\/en\\\/bio\\\/\"]]}]},{\"@type\":\"BreadcrumbList\",\"@id\":\"https:\\\/\\\/michalzadlo.com\\\/en\\\/bio\\\/#breadcrumb\",\"itemListElement\":[{\"@type\":\"ListItem\",\"position\":1,\"name\":\"Strona g\u0142\u00f3wna\",\"item\":\"https:\\\/\\\/michalzadlo.com\\\/en\\\/\"},{\"@type\":\"ListItem\",\"position\":2,\"name\":\"Bio\"}]},{\"@type\":\"WebSite\",\"@id\":\"https:\\\/\\\/michalzadlo.com\\\/en\\\/#website\",\"url\":\"https:\\\/\\\/michalzadlo.com\\\/en\\\/\",\"name\":\"Micha\u0142 \u017b\u0105d\u0142o\",\"description\":\"[:pl]Micha\u0142 \u017b\u0105d\u0142o \u2013 Portfolio[:en]Portfolio \u2013 Micha\u0142 \u017b\u0105d\u0142o[:]\",\"publisher\":{\"@id\":\"https:\\\/\\\/michalzadlo.com\\\/en\\\/#\\\/schema\\\/person\\\/d1f4846fe517fea4d899eb661bcd5208\"},\"potentialAction\":[{\"@type\":\"SearchAction\",\"target\":{\"@type\":\"EntryPoint\",\"urlTemplate\":\"https:\\\/\\\/michalzadlo.com\\\/en\\\/?s={search_term_string}\"},\"query-input\":{\"@type\":\"PropertyValueSpecification\",\"valueRequired\":true,\"valueName\":\"search_term_string\"}}],\"inLanguage\":\"en-US\"},{\"@type\":[\"Person\",\"Organization\"],\"@id\":\"https:\\\/\\\/michalzadlo.com\\\/en\\\/#\\\/schema\\\/person\\\/d1f4846fe517fea4d899eb661bcd5208\",\"name\":\"Micha\u0142 \u017b\u0105d\u0142o\",\"image\":{\"@type\":\"ImageObject\",\"inLanguage\":\"en-US\",\"@id\":\"https:\\\/\\\/michalzadlo.com\\\/wp-content\\\/uploads\\\/2025\\\/04\\\/cropped-22.Paschalis-olej-na-plotnie-60-x-50-cm-2024-scaled-1.jpg\",\"url\":\"https:\\\/\\\/michalzadlo.com\\\/wp-content\\\/uploads\\\/2025\\\/04\\\/cropped-22.Paschalis-olej-na-plotnie-60-x-50-cm-2024-scaled-1.jpg\",\"contentUrl\":\"https:\\\/\\\/michalzadlo.com\\\/wp-content\\\/uploads\\\/2025\\\/04\\\/cropped-22.Paschalis-olej-na-plotnie-60-x-50-cm-2024-scaled-1.jpg\",\"width\":512,\"height\":512,\"caption\":\"Micha\u0142 \u017b\u0105d\u0142o\"},\"logo\":{\"@id\":\"https:\\\/\\\/michalzadlo.com\\\/wp-content\\\/uploads\\\/2025\\\/04\\\/cropped-22.Paschalis-olej-na-plotnie-60-x-50-cm-2024-scaled-1.jpg\"},\"sameAs\":[\"http:\\\/\\\/michalzadlo.com\",\"https:\\\/\\\/www.instagram.com\\\/mzadlo24\"]}]}<\/script>\n<!-- \/ Yoast SEO plugin. -->","yoast_head_json":{"title":"Bio - Micha\u0142 \u017b\u0105d\u0142o","robots":{"index":"index","follow":"follow","max-snippet":"max-snippet:-1","max-image-preview":"max-image-preview:large","max-video-preview":"max-video-preview:-1"},"canonical":"https:\/\/michalzadlo.com\/en\/bio\/","og_locale":"en_US","og_type":"article","og_title":"Bio - Micha\u0142 \u017b\u0105d\u0142o","og_description":"Bio Micha\u0142 \u017b\u0105d\u0142o (b. 1997, Kasinka Ma\u0142a) is a painter based in Krak\u00f3w, Poland. He graduated from the Faculty of Painting at the Academy of Fine Arts in Krak\u00f3w in 2022, where he studied under Professor Janusz Matuszewski. \u017b\u0105d\u0142o is the recipient of several notable awards, including the European Youth Capital Prize at the 2nd [&hellip;]","og_url":"https:\/\/michalzadlo.com\/en\/bio\/","og_site_name":"Micha\u0142 \u017b\u0105d\u0142o","article_modified_time":"2025-10-03T13:14:22+00:00","twitter_card":"summary_large_image","twitter_misc":{"Est. reading time":"1 minute"},"schema":{"@context":"https:\/\/schema.org","@graph":[{"@type":"WebPage","@id":"https:\/\/michalzadlo.com\/en\/bio\/","url":"https:\/\/michalzadlo.com\/en\/bio\/","name":"Bio - Micha\u0142 \u017b\u0105d\u0142o","isPartOf":{"@id":"https:\/\/michalzadlo.com\/en\/#website"},"datePublished":"2025-01-10T18:25:18+00:00","dateModified":"2025-10-03T13:14:22+00:00","breadcrumb":{"@id":"https:\/\/michalzadlo.com\/en\/bio\/#breadcrumb"},"inLanguage":"en-US","potentialAction":[{"@type":"ReadAction","target":[["https:\/\/michalzadlo.com\/en\/bio\/"]]}]},{"@type":"BreadcrumbList","@id":"https:\/\/michalzadlo.com\/en\/bio\/#breadcrumb","itemListElement":[{"@type":"ListItem","position":1,"name":"Strona g\u0142\u00f3wna","item":"https:\/\/michalzadlo.com\/en\/"},{"@type":"ListItem","position":2,"name":"Bio"}]},{"@type":"WebSite","@id":"https:\/\/michalzadlo.com\/en\/#website","url":"https:\/\/michalzadlo.com\/en\/","name":"Micha\u0142 \u017b\u0105d\u0142o","description":"[:pl]Micha\u0142 \u017b\u0105d\u0142o \u2013 Portfolio[:en]Portfolio \u2013 Micha\u0142 \u017b\u0105d\u0142o[:]","publisher":{"@id":"https:\/\/michalzadlo.com\/en\/#\/schema\/person\/d1f4846fe517fea4d899eb661bcd5208"},"potentialAction":[{"@type":"SearchAction","target":{"@type":"EntryPoint","urlTemplate":"https:\/\/michalzadlo.com\/en\/?s={search_term_string}"},"query-input":{"@type":"PropertyValueSpecification","valueRequired":true,"valueName":"search_term_string"}}],"inLanguage":"en-US"},{"@type":["Person","Organization"],"@id":"https:\/\/michalzadlo.com\/en\/#\/schema\/person\/d1f4846fe517fea4d899eb661bcd5208","name":"Micha\u0142 \u017b\u0105d\u0142o","image":{"@type":"ImageObject","inLanguage":"en-US","@id":"https:\/\/michalzadlo.com\/wp-content\/uploads\/2025\/04\/cropped-22.Paschalis-olej-na-plotnie-60-x-50-cm-2024-scaled-1.jpg","url":"https:\/\/michalzadlo.com\/wp-content\/uploads\/2025\/04\/cropped-22.Paschalis-olej-na-plotnie-60-x-50-cm-2024-scaled-1.jpg","contentUrl":"https:\/\/michalzadlo.com\/wp-content\/uploads\/2025\/04\/cropped-22.Paschalis-olej-na-plotnie-60-x-50-cm-2024-scaled-1.jpg","width":512,"height":512,"caption":"Micha\u0142 \u017b\u0105d\u0142o"},"logo":{"@id":"https:\/\/michalzadlo.com\/wp-content\/uploads\/2025\/04\/cropped-22.Paschalis-olej-na-plotnie-60-x-50-cm-2024-scaled-1.jpg"},"sameAs":["http:\/\/michalzadlo.com","https:\/\/www.instagram.com\/mzadlo24"]}]}},"_links":{"self":[{"href":"https:\/\/michalzadlo.com\/en\/wp-json\/wp\/v2\/pages\/86","targetHints":{"allow":["GET"]}}],"collection":[{"href":"https:\/\/michalzadlo.com\/en\/wp-json\/wp\/v2\/pages"}],"about":[{"href":"https:\/\/michalzadlo.com\/en\/wp-json\/wp\/v2\/types\/page"}],"author":[{"embeddable":true,"href":"https:\/\/michalzadlo.com\/en\/wp-json\/wp\/v2\/users\/1"}],"replies":[{"embeddable":true,"href":"https:\/\/michalzadlo.com\/en\/wp-json\/wp\/v2\/comments?post=86"}],"version-history":[{"count":17,"href":"https:\/\/michalzadlo.com\/en\/wp-json\/wp\/v2\/pages\/86\/revisions"}],"predecessor-version":[{"id":1248,"href":"https:\/\/michalzadlo.com\/en\/wp-json\/wp\/v2\/pages\/86\/revisions\/1248"}],"wp:attachment":[{"href":"https:\/\/michalzadlo.com\/en\/wp-json\/wp\/v2\/media?parent=86"}],"curies":[{"name":"wp","href":"https:\/\/api.w.org\/{rel}","templated":true}]}}